{"id":288,"date":"2020-10-28T09:22:36","date_gmt":"2020-10-28T09:22:36","guid":{"rendered":"http:\/\/daiichishoji.com.vn\/?page_id=288"},"modified":"2026-02-04T04:55:57","modified_gmt":"2026-02-04T04:55:57","slug":"about-us","status":"publish","type":"page","link":"https:\/\/daiichishoji.com.vn\/vi\/about-us\/","title":{"rendered":"GI\u1edaI THI\u1ec6U"},"content":{"rendered":"<div class=\"wp-block-image\"><figure class=\"aligncenter\"><img loading=\"lazy\" width=\"1900\" height=\"600\" src=\"http:\/\/daiichishoji.com.vn\/wp-content\/uploads\/2020\/10\/daiichi-home-jp.png\" alt=\"\" class=\"wp-image-332\"\/><\/figure><\/div>\n\n\n\n<p>We are a trading company committed to delivering trust and peace of Mind. Since the foundation of Dai-ichi Shoji in 1952,\u00a0we have been establishing overseas network branches in Japan,\u00a0China, Asia and Latin America to support the business of our clients. <br>Website : <a href=\"https:\/\/home.daiichishoji.co.jp\/en\/\">https:\/\/home.daiichishoji.co.jp\/en\/<\/a><\/p>\n\n\n\n<div class=\"wp-block-image\"><figure class=\"aligncenter\"><img loading=\"lazy\" width=\"1200\" height=\"800\" src=\"http:\/\/daiichishoji.com.vn\/wp-content\/uploads\/2020\/10\/daiichi-vn.jpg\" alt=\"\" class=\"wp-image-333\"\/><\/figure><\/div>\n\n\n\n<p class=\" translation-block\">Dai-ichi Shoji Co., Ltd th\u00e0nh l\u1eadp V\u0103n ph\u00f2ng \u0111\u1ea1i di\u1ec7n t\u1ea1i H\u00e0 N\u1ed9i v\u00e0o n\u0103m 2006 theo s\u1ef1 ph\u00e1t tri\u1ec3n nhanh ch\u00f3ng c\u1ee7a nhu c\u1ea7u kh\u00e1ch h\u00e0ng t\u1ea1i Vi\u1ec7t Nam.<br> V\u0103n ph\u00f2ng \u0111\u1ea1i di\u1ec7n Dai-ichi Shoji Co.,Ltd t\u1ea1i H\u00e0 n\u1ed9i \u0111\u1eb7t t\u1ea1i P.708, t\u00f2a nh\u00e0 The Garden Officetel, Ph\u01b0\u1eddng M\u1ef9 \u0110\u00ecnh 1, Qu\u1eadn Nam T\u1eeb Li\u00eam, H\u00e0 N\u1ed9i, Vi\u1ec7t Nam. <br>\u0110i\u1ec7n tho\u1ea1i: 84-24-2241-3640<br>\nHP: https:\/\/daiichishoji.com.vn<\/p>","protected":false},"excerpt":{"rendered":"<p>We are a trading company committed to delivering trust and peace of Mind. Since the foundation of Dai-ichi Shoji in 1952,\u00a0we have been establishing overseas network branches in Japan,\u00a0China, Asia and Latin America to support the business of our clients. Website : https:\/\/home.daiichishoji.co.jp\/en\/ Dai-ichi Shoji Co.,Ltd established the Hanoi Representative office in 2006 according to [&#8230;]","protected":false},"author":1,"featured_media":0,"parent":0,"menu_order":0,"comment_status":"closed","ping_status":"closed","template":"","meta":[],"_links":{"self":[{"href":"https:\/\/daiichishoji.com.vn\/vi\/wp-json\/wp\/v2\/pages\/288"}],"collection":[{"href":"https:\/\/daiichishoji.com.vn\/vi\/wp-json\/wp\/v2\/pages"}],"about":[{"href":"https:\/\/daiichishoji.com.vn\/vi\/wp-json\/wp\/v2\/types\/page"}],"author":[{"embeddable":true,"href":"https:\/\/daiichishoji.com.vn\/vi\/wp-json\/wp\/v2\/users\/1"}],"replies":[{"embeddable":true,"href":"https:\/\/daiichishoji.com.vn\/vi\/wp-json\/wp\/v2\/comments?post=288"}],"version-history":[{"count":21,"href":"https:\/\/daiichishoji.com.vn\/vi\/wp-json\/wp\/v2\/pages\/288\/revisions"}],"predecessor-version":[{"id":853,"href":"https:\/\/daiichishoji.com.vn\/vi\/wp-json\/wp\/v2\/pages\/288\/revisions\/853"}],"wp:attachment":[{"href":"https:\/\/daiichishoji.com.vn\/vi\/wp-json\/wp\/v2\/media?parent=288"}],"curies":[{"name":"wp","href":"https:\/\/api.w.org\/{rel}","templated":true}]}}